{"id":1273,"date":"2023-02-09T11:57:19","date_gmt":"2023-02-09T10:57:19","guid":{"rendered":"https:\/\/www.floorgreen.net\/chi-siamo\/"},"modified":"2025-03-05T12:53:44","modified_gmt":"2025-03-05T11:53:44","slug":"chi-siamo","status":"publish","type":"page","link":"https:\/\/www.floorgreen.net\/it\/chi-siamo\/","title":{"rendered":"Chi Siamo"},"content":{"rendered":"<p>[et_pb_section fb_built=&#8221;1&#8243; admin_label=&#8221;Header&#8221; _builder_version=&#8221;4.19.5&#8243; _module_preset=&#8221;default&#8221; use_background_color_gradient=&#8221;on&#8221; background_color_gradient_direction=&#8221;4deg&#8221; background_color_gradient_stops=&#8221;rgba(0,0,0,0.71) 0%|rgba(0,0,0,0) 100%&#8221; background_color_gradient_overlays_image=&#8221;on&#8221; background_color_gradient_start=&#8221;rgba(0,0,0,0.71)&#8221; background_color_gradient_end=&#8221;rgba(0,0,0,0)&#8221; background_image=&#8221;https:\/\/www.floorgreen.net\/wp-content\/uploads\/sites\/17\/2023\/02\/background.jpg&#8221; custom_padding=&#8221;3vw||3vw||false|false&#8221; locked=&#8221;off&#8221; global_colors_info=&#8221;{}&#8221;][et_pb_row _builder_version=&#8221;4.16&#8243; _module_preset=&#8221;default&#8221; global_colors_info=&#8221;{}&#8221;][et_pb_column type=&#8221;4_4&#8243; _builder_version=&#8221;4.16&#8243; _module_preset=&#8221;default&#8221; global_colors_info=&#8221;{}&#8221;][et_pb_text _builder_version=&#8221;4.19.5&#8243; _module_preset=&#8221;b0bf5418-994a-43d1-aef8-7d7c6764119d&#8221; header_font=&#8221;|700|||||||&#8221; header_text_color=&#8221;#FFFFFF&#8221; custom_padding=&#8221;10px||10px||true|false&#8221; header_font_size_tablet=&#8221;50px&#8221; header_font_size_phone=&#8221;32px&#8221; header_font_size_last_edited=&#8221;on|phone&#8221; locked=&#8221;off&#8221; global_colors_info=&#8221;{}&#8221;]<\/p>\n<h1>Chi Siamo<\/h1>\n<p>[\/et_pb_text][\/et_pb_column][\/et_pb_row][\/et_pb_section][et_pb_section fb_built=&#8221;1&#8243; admin_label=&#8221;About&#8221; _builder_version=&#8221;4.16&#8243; _module_preset=&#8221;default&#8221; background_color=&#8221;#f3f7f0&#8243; background_enable_image=&#8221;off&#8221; background_position=&#8221;top_center&#8221; global_colors_info=&#8221;{}&#8221;][et_pb_row column_structure=&#8221;1_2,1_2&#8243; _builder_version=&#8221;4.16&#8243; _module_preset=&#8221;default&#8221; global_colors_info=&#8221;{}&#8221;][et_pb_column type=&#8221;1_2&#8243; _builder_version=&#8221;4.16&#8243; _module_preset=&#8221;default&#8221; global_colors_info=&#8221;{}&#8221;][et_pb_text _builder_version=&#8221;4.19.5&#8243; _module_preset=&#8221;2e1ca0a8-a515-4ca3-8814-65eea4b82393&#8243; header_2_font=&#8221;|700|||||||&#8221; header_2_text_color=&#8221;#155D2B&#8221; header_2_font_size_tablet=&#8221;32px&#8221; header_2_font_size_phone=&#8221;20px&#8221; header_2_font_size_last_edited=&#8221;on|phone&#8221; locked=&#8221;off&#8221; global_colors_info=&#8221;{}&#8221;]<\/p>\n<h2>Il migliore prato a rotoli oggi disponibile<\/h2>\n<p>Floor Green Sod Farms \u00e8 una azienda specializzata nella produzione di zolle ad uso professionale: campi da golf, impianti sportivi e grandi aziende florovivaistiche. Offriamo big roll e rotoli standard adatti a tutti i tipi di impiego, prodotti su eccellenti substrati sabbiosi con tecniche di coltivazione all\u2019avanguardia. Siamo rigorosi nell\u2019ottimizzare la loro raccolta, il trasporto e l\u2019installazione. Per noi la logistica \u00e8 una priorit\u00e0; siamo riconosciuti per fornire prodotti sempre di qualit\u00e0 impeccabile.<\/p>\n<p>[\/et_pb_text][\/et_pb_column][et_pb_column type=&#8221;1_2&#8243; _builder_version=&#8221;4.16&#8243; _module_preset=&#8221;default&#8221; global_colors_info=&#8221;{}&#8221;][et_pb_image src=&#8221;https:\/\/www.floorgreen.net\/wp-content\/uploads\/sites\/17\/2023\/02\/green-floor-about2.jpg&#8221; alt=&#8221;Green Floor Sod Farm&#8221; title_text=&#8221;Green Floor Sod Farm&#8221; _builder_version=&#8221;4.19.5&#8243; _module_preset=&#8221;default&#8221; locked=&#8221;off&#8221; global_colors_info=&#8221;{}&#8221;][\/et_pb_image][\/et_pb_column][\/et_pb_row][\/et_pb_section][et_pb_section fb_built=&#8221;1&#8243; admin_label=&#8221;About&#8221; _builder_version=&#8221;4.19.5&#8243; _module_preset=&#8221;default&#8221; background_color=&#8221;#f3f7f0&#8243; use_background_color_gradient=&#8221;on&#8221; background_color_gradient_stops=&#8221;rgba(36,68,53,0.9) 0%|rgba(36,68,53,0.8) 100%&#8221; background_color_gradient_overlays_image=&#8221;on&#8221; background_color_gradient_start=&#8221;rgba(36,68,53,0.9)&#8221; background_color_gradient_end=&#8221;rgba(36,68,53,0.8)&#8221; background_image=&#8221;https:\/\/www.floorgreen.net\/wp-content\/uploads\/sites\/17\/2023\/02\/background.jpg&#8221; background_size=&#8221;initial&#8221; background_repeat=&#8221;repeat&#8221; custom_margin=&#8221;||||false|false&#8221; custom_margin_tablet=&#8221;-25%||||false|false&#8221; custom_margin_phone=&#8221;-40%||||false|false&#8221; custom_margin_last_edited=&#8221;off|desktop&#8221; custom_padding=&#8221;20px||||false|false&#8221; locked=&#8221;off&#8221; global_colors_info=&#8221;{}&#8221;][et_pb_row column_structure=&#8221;1_2,1_2&#8243; _builder_version=&#8221;4.16&#8243; _module_preset=&#8221;default&#8221; global_colors_info=&#8221;{}&#8221;][et_pb_column type=&#8221;1_2&#8243; _builder_version=&#8221;4.16&#8243; _module_preset=&#8221;default&#8221; custom_padding=&#8221;||||false|false&#8221; custom_padding_tablet=&#8221;100px||||false|false&#8221; custom_padding_last_edited=&#8221;off|phone&#8221; global_colors_info=&#8221;{}&#8221;][et_pb_text _builder_version=&#8221;4.16&#8243; _module_preset=&#8221;c3c1179e-80e4-4396-b700-51b845e1c46f&#8221; header_2_font=&#8221;Tajawal|700|||||||&#8221; header_2_text_color=&#8221;#FFFFFF&#8221; header_2_font_size=&#8221;60px&#8221; header_2_font_size_tablet=&#8221;32px&#8221; header_2_font_size_phone=&#8221;20px&#8221; header_2_font_size_last_edited=&#8221;on|phone&#8221; global_colors_info=&#8221;{}&#8221;]<\/p>\n<h2>Storia<\/h2>\n<p>[\/et_pb_text][et_pb_text _builder_version=&#8221;4.19.5&#8243; _module_preset=&#8221;328ee7ad-ed91-4601-a1e5-70b2dcbbb6a8&#8243; text_font=&#8221;||||||||&#8221; background_layout=&#8221;dark&#8221; max_width=&#8221;800px&#8221; text_font_size_tablet=&#8221;15px&#8221; text_font_size_phone=&#8221;14px&#8221; text_font_size_last_edited=&#8221;off|desktop&#8221; locked=&#8221;off&#8221; global_colors_info=&#8221;{}&#8221;]<\/p>\n<p>Dal 1994 la missione della <strong>Floor Green Sod Farms di Verona dei fratelli Simone De Checchi e Corrado De Checchi<\/strong> \u00e8 soddisfare le richieste pi\u00f9 specifiche dei professionisti del tappeto erboso. Grazie al suo personale qualificato ed a macchine ed attrezzature tecnicamente avanzate, si \u00e8 fatta un nome, per la vendita, fornitura e posa di tappeti erbosi in rotoli ai manutentori dei prati dei migliori campi di golf e campi pratica, campi da calcio e campi di allenamento e giardini pubblici e privati.<\/p>\n<p>[\/et_pb_text][et_pb_image src=&#8221;https:\/\/www.floorgreen.net\/wp-content\/uploads\/sites\/17\/2023\/02\/about-us-floor-green-sod-2.jpg&#8221; alt=&#8221;Green Floor Sod Farm, rotoli di erba vera, prato a rotoli, posa del prato in rotoli, zolle di prato istantaneo, prato vero, zolle di prato pronte&#8221; title_text=&#8221;Green Floor Sod Farm, rotoli di erba vera, prato a rotoli, posa del prato in rotoli, zolle di prato istantaneo, prato vero, zolle di prato pronte&#8221; _builder_version=&#8221;4.27.4&#8243; _module_preset=&#8221;default&#8221; hover_enabled=&#8221;0&#8243; global_colors_info=&#8221;{}&#8221; sticky_enabled=&#8221;0&#8243;][\/et_pb_image][\/et_pb_column][et_pb_column type=&#8221;1_2&#8243; _builder_version=&#8221;4.16&#8243; _module_preset=&#8221;default&#8221; custom_padding=&#8221;||||false|false&#8221; custom_padding_tablet=&#8221;0px||||false|false&#8221; custom_padding_last_edited=&#8221;off|desktop&#8221; global_colors_info=&#8221;{}&#8221;][et_pb_image src=&#8221;https:\/\/www.floorgreen.net\/wp-content\/uploads\/sites\/17\/2023\/02\/about-us-floor-green_sod.jpg&#8221; alt=&#8221;Green Floor Sod Farm, rotoli di erba vera, prato a rotoli, posa del prato in rotoli, zolle di prato istantaneo, prato vero, zolle di prato pronte&#8221; title_text=&#8221;Green Floor Sod Farm, rotoli di erba vera, prato a rotoli, posa del prato in rotoli, zolle di prato istantaneo, prato vero, zolle di prato pronte&#8221; _builder_version=&#8221;4.27.4&#8243; _module_preset=&#8221;default&#8221; hover_enabled=&#8221;0&#8243; global_colors_info=&#8221;{}&#8221; sticky_enabled=&#8221;0&#8243;][\/et_pb_image][\/et_pb_column][\/et_pb_row][\/et_pb_section]<\/p>\n","protected":false},"excerpt":{"rendered":"<p>Chi SiamoIl migliore prato a rotoli oggi disponibile Floor Green Sod Farms \u00e8 una azienda specializzata nella produzione di zolle ad uso professionale: campi da golf, impianti sportivi e grandi aziende florovivaistiche. Offriamo big roll e rotoli standard adatti a tutti i tipi di impiego, prodotti su eccellenti substrati sabbiosi con tecniche di coltivazione all\u2019avanguardia. [&hellip;]<\/p>\n","protected":false},"author":2,"featured_media":0,"parent":0,"menu_order":0,"comment_status":"closed","ping_status":"closed","template":"","meta":{"_et_pb_use_builder":"on","_et_pb_old_content":"","_et_gb_content_width":"","footnotes":""},"folder":[],"class_list":["post-1273","page","type-page","status-publish","hentry"],"_links":{"self":[{"href":"https:\/\/www.floorgreen.net\/wp-json\/wp\/v2\/pages\/1273","targetHints":{"allow":["GET"]}}],"collection":[{"href":"https:\/\/www.floorgreen.net\/wp-json\/wp\/v2\/pages"}],"about":[{"href":"https:\/\/www.floorgreen.net\/wp-json\/wp\/v2\/types\/page"}],"author":[{"embeddable":true,"href":"https:\/\/www.floorgreen.net\/wp-json\/wp\/v2\/users\/2"}],"replies":[{"embeddable":true,"href":"https:\/\/www.floorgreen.net\/wp-json\/wp\/v2\/comments?post=1273"}],"version-history":[{"count":3,"href":"https:\/\/www.floorgreen.net\/wp-json\/wp\/v2\/pages\/1273\/revisions"}],"predecessor-version":[{"id":2671,"href":"https:\/\/www.floorgreen.net\/wp-json\/wp\/v2\/pages\/1273\/revisions\/2671"}],"wp:attachment":[{"href":"https:\/\/www.floorgreen.net\/wp-json\/wp\/v2\/media?parent=1273"}],"wp:term":[{"taxonomy":"folder","embeddable":true,"href":"https:\/\/www.floorgreen.net\/wp-json\/wp\/v2\/folder?post=1273"}],"curies":[{"name":"wp","href":"https:\/\/api.w.org\/{rel}","templated":true}]}}